{"id":2,"date":"2020-01-05T20:51:24","date_gmt":"2020-01-05T19:51:24","guid":{"rendered":"https:\/\/www.sinouve.com\/?page_id=2"},"modified":"2020-01-11T13:16:39","modified_gmt":"2020-01-11T12:16:39","slug":"team","status":"publish","type":"page","link":"https:\/\/www.sinouve.com\/index.php\/team\/","title":{"rendered":"L&#8217;\u00e9quipe Sinouv\u00e9"},"content":{"rendered":"\n<figure class=\"wp-block-image size-large\"><img decoding=\"async\" width=\"1132\" height=\"343\" src=\"https:\/\/www.sinouve.com\/wp-content\/uploads\/2020\/01\/Sinouve_LOGO_FINAL_ENTETE_TRANS.png\" alt=\"\" class=\"wp-image-121\"\/><figcaption>Logo original de Sinouv\u00e9, d&#8217;Avril 2014 \u00e0 D\u00e9cembre 2019<\/figcaption><\/figure>\n\n\n\n<p>Sinouv\u00e9 est avant tout une aventure de famille ! Fond\u00e9e en Avril 2014, nous avons tout d&#8217;abord choisi le statut de Soci\u00e9t\u00e9 Coop\u00e9rative, pour les valeurs port\u00e9es par ce statut, valeurs auquelles encore aujourd&#8217;hui nous croyons<\/p>\n\n\n\n<blockquote class=\"wp-block-quote\"><p>M\u00e9 si les gars, an nou test\u00e9 sa !<\/p><p>Po sa malad, fo nou f\u00e8 sa !<\/p><p>Alors j&#8217;ai eu une id\u00e9e (&#8230;), et en fait \u00e7a pourrait \u00eatre pas mal<\/p><cite>Emmanuel, membre fondateur, bloggeur et podcasteur en devenir<\/cite><br><\/blockquote>\n\n\n\n<p>Comme toute soci\u00e9t\u00e9, elle a connu ses hauts, ses bas, ses arriv\u00e9es, ses d\u00e9parts, ses changements pour aujourd&#8217;hui devenir avant tout un lieu de cr\u00e9ation et d&#8217;audace.<\/p>\n\n\n\n<blockquote class=\"wp-block-quote\"><p>Man, fo nou f\u00e8 sa toun\u00e9&#8230;<\/p><p>Pooo, m\u00e9 ka sa y\u00e9 sa enk\u00f4 !<\/p><p>Je pense qu&#8217;on tient un truc l\u00e0 !<\/p><cite>  Mathias, membre fondateur, couteau suisse, amateur de soca et de rhum <\/cite><br><\/blockquote>\n\n\n\n<figure class=\"wp-block-image size-large\"><img decoding=\"async\" width=\"865\" height=\"194\" src=\"https:\/\/www.sinouve.com\/wp-content\/uploads\/2020\/01\/2020.SinouveBanner.TRANS_.V2.png\" alt=\"\" class=\"wp-image-142\"\/><\/figure>\n\n\n\n<p>Nous partageons, autant que possible avec ceux qui nous entourent et qui se prennent au jeu \u00e0 la fois notre exp\u00e9rience, mais aussi la joie de notre aventure. <strong>Contactez nous pour plus d&#8217;infos !<\/strong><\/p>\n","protected":false},"excerpt":{"rendered":"<p>Sinouv\u00e9 est avant tout une aventure de famille ! Fond\u00e9e en Avril 2014, nous avons tout d&#8217;abord choisi le statut<\/p>\n","protected":false},"author":1,"featured_media":0,"parent":0,"menu_order":0,"comment_status":"closed","ping_status":"open","template":"","meta":{"footnotes":""},"_links":{"self":[{"href":"https:\/\/www.sinouve.com\/index.php\/wp-json\/wp\/v2\/pages\/2"}],"collection":[{"href":"https:\/\/www.sinouve.com\/index.php\/wp-json\/wp\/v2\/pages"}],"about":[{"href":"https:\/\/www.sinouve.com\/index.php\/wp-json\/wp\/v2\/types\/page"}],"author":[{"embeddable":true,"href":"https:\/\/www.sinouve.com\/index.php\/wp-json\/wp\/v2\/users\/1"}],"replies":[{"embeddable":true,"href":"https:\/\/www.sinouve.com\/index.php\/wp-json\/wp\/v2\/comments?post=2"}],"version-history":[{"count":13,"href":"https:\/\/www.sinouve.com\/index.php\/wp-json\/wp\/v2\/pages\/2\/revisions"}],"predecessor-version":[{"id":155,"href":"https:\/\/www.sinouve.com\/index.php\/wp-json\/wp\/v2\/pages\/2\/revisions\/155"}],"wp:attachment":[{"href":"https:\/\/www.sinouve.com\/index.php\/wp-json\/wp\/v2\/media?parent=2"}],"curies":[{"name":"wp","href":"https:\/\/api.w.org\/{rel}","templated":true}]}}